{"id":67,"date":"2014-10-21T22:13:01","date_gmt":"2014-10-21T20:13:01","guid":{"rendered":"http:\/\/theater.egoserv.com\/?page_id=67"},"modified":"2026-02-15T16:32:52","modified_gmt":"2026-02-15T16:32:52","slug":"ansprechpartner","status":"publish","type":"page","link":"https:\/\/theaterverein-lohe-rickelshof.de\/?page_id=67","title":{"rendered":"Ansprechpartner"},"content":{"rendered":"<table style=\"height: 264px;\" width=\"351\">\n<tbody>\n<tr>\n<th style=\"text-align: left;\">Name<\/th>\n<th style=\"text-align: left;\">Position<\/th>\n<th style=\"text-align: left;\">Telefon<\/th>\n<\/tr>\n<tr>\n<td>Thies Bibow<\/td>\n<td>1.V\u00f6rsitter<\/td>\n<td>0481 73333<\/td>\n<\/tr>\n<tr>\n<td>J\u00f6rg Daniel<\/td>\n<td>2.V\u00f6rsitter<\/td>\n<td>0481 71012<\/td>\n<\/tr>\n<tr>\n<td><\/td>\n<td><\/td>\n<td><\/td>\n<\/tr>\n<tr>\n<td>Britta Stoppert<\/td>\n<td>Kartenverkauf<\/td>\n<td>0481 72994<\/td>\n<\/tr>\n<tr>\n<td>Melanie Popp<\/td>\n<td>Beisitzerin<\/td>\n<td>0481 ??????<\/td>\n<\/tr>\n<tr>\n<td>Birgit Daniel<\/td>\n<td>Beisitzerin<\/td>\n<td>0481 71012<\/td>\n<\/tr>\n<tr>\n<td>Axel Stoppert<\/td>\n<td>Homepage<\/td>\n<td>0481 72994<\/td>\n<\/tr>\n<tr>\n<td><\/td>\n<td><\/td>\n<td><\/td>\n<\/tr>\n<\/tbody>\n<\/table>\n","protected":false},"excerpt":{"rendered":"<p>Name Position Telefon Thies Bibow 1.V\u00f6rsitter 0481 73333 J\u00f6rg Daniel 2.V\u00f6rsitter 0481 71012 Britta Stoppert Kartenverkauf 0481 72994 Melanie Popp Beisitzerin 0481 ?????? Birgit Daniel Beisitzerin 0481 71012 Axel Stoppert Homepage 0481 72994<\/p>\n","protected":false},"author":2,"featured_media":0,"parent":0,"menu_order":2,"comment_status":"closed","ping_status":"closed","template":"","meta":{"footnotes":""},"class_list":["post-67","page","type-page","status-publish","hentry"],"_links":{"self":[{"href":"https:\/\/theaterverein-lohe-rickelshof.de\/index.php?rest_route=\/wp\/v2\/pages\/67","targetHints":{"allow":["GET"]}}],"collection":[{"href":"https:\/\/theaterverein-lohe-rickelshof.de\/index.php?rest_route=\/wp\/v2\/pages"}],"about":[{"href":"https:\/\/theaterverein-lohe-rickelshof.de\/index.php?rest_route=\/wp\/v2\/types\/page"}],"author":[{"embeddable":true,"href":"https:\/\/theaterverein-lohe-rickelshof.de\/index.php?rest_route=\/wp\/v2\/users\/2"}],"replies":[{"embeddable":true,"href":"https:\/\/theaterverein-lohe-rickelshof.de\/index.php?rest_route=%2Fwp%2Fv2%2Fcomments&post=67"}],"version-history":[{"count":3,"href":"https:\/\/theaterverein-lohe-rickelshof.de\/index.php?rest_route=\/wp\/v2\/pages\/67\/revisions"}],"predecessor-version":[{"id":454,"href":"https:\/\/theaterverein-lohe-rickelshof.de\/index.php?rest_route=\/wp\/v2\/pages\/67\/revisions\/454"}],"wp:attachment":[{"href":"https:\/\/theaterverein-lohe-rickelshof.de\/index.php?rest_route=%2Fwp%2Fv2%2Fmedia&parent=67"}],"curies":[{"name":"wp","href":"https:\/\/api.w.org\/{rel}","templated":true}]}}