{"id":73,"date":"2014-10-22T17:21:36","date_gmt":"2014-10-22T15:21:36","guid":{"rendered":"http:\/\/theater.egoserv.com\/?page_id=73"},"modified":"2020-03-12T16:18:19","modified_gmt":"2020-03-12T16:18:19","slug":"vierzig-jahre-theaterverein-2010","status":"publish","type":"page","link":"https:\/\/theaterverein-lohe-rickelshof.de\/?page_id=73","title":{"rendered":"Vierzig Jahre Theaterverein 2010"},"content":{"rendered":"<table width=\"96%\">\n<tbody>\n<tr>\n<td>R\u00fcckblick auf 40 Jahre Laienspielverein Lohe-Rickelshof. Am 20. Januar 1970 wurde der Laienspielverein gegr\u00fcndet.<\/p>\n<p><span style=\"text-decoration: underline;\">Als Gr\u00fcndungsmitglieder trugen sich ein: <\/span><\/p>\n<p>Hans Dieter Salto, Elke Salto, Wiebke Jochims, Anita Kr\u00f6ger, Helga Fischer, Ute Ulrich, Ellen Elsen, Karin Ha\u00df, Anne- Grete Ulrich, Klaus Sommer, Willi Ulrich, Johannes Prickner, Heino Ulrich, Hermann B\u00f6rger, S\u00f6nke Fischer, Robert Hentschel, Fitz Fischer<\/p>\n<p><span style=\"text-decoration: underline;\">Der Vorstand setzte sich zusammen aus:<\/span><\/p>\n<p>1. Vorsitzende: Klaus Sommer<\/p>\n<p>2. Vorsitzende: Hans Dieter Salto<\/p>\n<p>Schriftf\u00fchrerin: Wiebke Jochims<\/p>\n<p>Kassenwart: Willi Ulrich<\/p>\n<p>1. Beisitzerin: Karin Ha\u00df<\/p>\n<p>2. Beisitzerin: Anne-Grete Ulrich<\/p>\n<p>Als Mitgliedsbeitrag wurden 50 Pf\u00a0(6,- DM\u00a0 = 3,-\u20ac\u00a0\u00a0 heute 5,-\u20ac j\u00e4hrl.) pro Monat erhoben, f\u00fcr das 1. Familienmitglied\u00a0 je 25 Pf.<\/p>\n<p>Bgmstr. Robert Hentschel spendete 50,- DM f\u00fcr die Vereinskasse! Die Gemeinde bewilligte 400,- DM als Startkapital. Der erste Theaterabend fand am 15. Mai 1970 in der Turnhalle statt. Es wurden zwei Theaterst\u00fccke gespielt: \u201eDat verdreite Book\u201c und \u201eVullePangschon mit Familienanschluss\u201c Der Eintritt betrug 1,- DM, die Unkosten waren gedeckt! Jedoch im Dezember 1970 trat Herr Sommer\u00a0 als 1. Vors. zur\u00fcck und Fritz Fischer wurde einstimmig gew\u00e4hlt. Fritz Fischer hatte dieses Amt bis zum 16. Februar 2000 inne, also runde 30 Jahre! In dieser Zeit wurde viel Aufbauarbeit geleistet, und der Verein hatte sehr schnell einen festen, kulturellen Platz in der Gemeinde. Denn j\u00e4hrlich ist ein Einakter, und alle 2 Jahre ein Dreiakter auf die B\u00fchne gebracht worden. Und schon in den \u201eAnfangsjahren\u201c wurde mit den Theaterst\u00fccken \u00fcbers Land gezogen, so dass der Verein auch in den umliegenden Gemeinden bekannt und gefragt war! Die Vereinsarbeit wurde aber auch erleichtert durch die \u201eBest\u00e4ndigkeit \u00fcber Jahrzehnte\u201c verschiedener Mitglieder in ihren tragenden Funktionen.<\/p>\n<p>Sellvertretend f\u00fcr die vielen langj\u00e4hrigen Mitglieder seien hier nur einige genannt:<\/p>\n<p>Helga Fischer\u00a0&#8211;\u00a0 29 Jahre Regie, 99 mal Soufleuse, Schriftf\u00fchrerin<\/p>\n<p>Anita Kr\u00f6ger\u00a0&#8211;\u00a0\u00a0 35 Jahre Regie<\/p>\n<p>Ellen Elsen\u00a0&#8211; 30 Jahre Kassiererin<\/p>\n<p>Inge Brandenburg &#8211; 28 Jahre Maske<\/p>\n<p>Fritz Fischer &#8211; 30 Jahre 1. Vorsitzender<\/p>\n<p>Ellen B\u00f6rger &#8211;\u00a0stellvertretend f\u00fcr die vielen aktiven Theaterspieler &#8211; sie spielte\u00a0in 17 verschiedenen St\u00fccken<\/p>\n<p>Und last but not least\u00a0&#8211; Willi Ulrich &#8211; 28. Jahre B\u00fchnenmeister und 1. Beisitzer<\/p>\n<p>Willi war ein\u00a0Mann der ersten Stunde,\u00a0zu unserem Bedauern ist er aber leider im Jahre 2006 verstorben. Die ersten \u201eLesungen\u201c wie auch \u201eProben\u201c wurden zun\u00e4chst immer zu Hause bei den jeweiligen Theaterspielern durchgef\u00fchrt. Geprobt wurde aber auch im kalten Kartoffelkeller bei Bremer mit Gasstrahler sp\u00e4ter im Feuerwehrger\u00e4tehaus, Gemeinderaum Schule wie auch im neuen Kirchengemeinderaum. Die eigentlichen Auff\u00fchrungen fanden dann in der Turnhalle statt! Mit B\u00fchnenaufbau, Gest\u00fchl herbeischaffen, Vorh\u00e4nge spannen! Danach der R\u00fcckbau! Eine echte Schlepperei, wobei der Sportbetrieb nicht vergessen werden durfte! Mit dem Bau des D\u00f6rpshus hatten wir dann 1976 auch eine feste B\u00fchne mit Stellw\u00e4nden, Vorhang mit E-Antrieb und Beleuchtung sowie einer Mikroanlage. Diese wurde dann auch mit dem Einakter \u201eDonner und Doria\u201c eingeweiht! Eine gewaltige Erleichterung f\u00fcr den B\u00fchnenmeister. In 2001 ist dann auch eine Vereinssatzung erstellt worden, um eine generelle Richtlinie f\u00fcr alle Mitglieder zu haben! Ab 2005 wurden nummerierte Platzkarten ausgegeben! Das hat sich bis heute bestens bew\u00e4hrt! Seit 2007 besteht eine Plattdeutsch AG in der Grundschule, die von Freia Paulsen ins Leben gerufen wurde. Zun\u00e4chst war es nur der plattdeutsche Vorlesewettbewerb, der auch heute absoluten Vorrang hat, aber auch schon diverse Plattdeutsche Sketsche gespielt werden. Das k\u00f6nnten die Theaterspieler von morgen sein! Es sind Kinder im 3. u. 4. Schuljahr, die uns leider nach l\u00e4ngsten 2 Jahren wieder verlassen. Somit muss immer wieder von vorne mit dem lesen angefangen werden. Nane Paulsen jedoch, hilft immer mal wieder aus, wenn \u201eNot an Mann\u201c ist! Das Team besteht aus: Freia Paulsen, Elke Eggert, Margot Timm, Hans Perner und Helmuth Huth. Hans Perner besucht gelegentlich den Kindergarten, um das\u00a0 Plattdeutsch da schon mal bei den Kleinsten zu Geh\u00f6r zu bringen. Es muss aber wohl eine Herzensangelegenheit von Frau Ploch sein, denn sie ist die eifrigste Sch\u00fclerin \u2013 wurde mir berichtet!\u00a0 (neben der Feuerwehr) Einige Mitglieder sind sogar auf sportlichen Geschmack gekommen, und haben 2008 erstmals das Sportabzeichen geschafft. Es sind: Andrea B\u00f6rger, Birgit Daniel,\u00a0 Bettina Wessel, Edith Perner, J\u00f6rg Daniel, Thies Bibow. Das wurde dann auch gleich mit einem Grillfest bei Edith und Hans Perner gefeiert! Fast alle sind um Wiederholungen bem\u00fcht! Mit dem Theaterboden, der 2009 in Angriff genommen wurde, haben wir jetzt einen zentralen \u00dcbungsraum mit einer 2. B\u00fchne. Hier ist sehr viel Eigenleistung von verschiedenen Theaterspielern geleistet worden! Die Restarbeiten sind in Planung, um dann unabh\u00e4ngig vom D\u00f6rpshusbetrieb \u00dcbungsabende und Versammlungen durchzuf\u00fchren. Zwangsl\u00e4ufig musste jetzt auch Werkzeug zur Hand sein, und so stiftete Kurt Paschen den Werkzeugkoffer und Bruno von der Heyde sorgte f\u00fcr den entsprechenden Inhalt mit Akkubohrmaschine. Mit steigender Mitgliederzahl, heute 136, stieg auch der Bekanntheitsgrad des Theatervereins, und damit die Nachfrage nach weiteren Auff\u00fchrungen, die wir dann auch gerne erf\u00fcllt haben. So sind dann in den vergangenen 40 Theaterjahren 42 Einakter und 18 Dreiakter gespielt worden! Das gesellige Vereinsleben ist in all den zur\u00fcck liegenden Jahren auch nicht zu kurz gekommen. Es wurden j\u00e4hrlich Halbtages- und\u00a0 Tagestouren wie auch Mehrtagestouren durchgef\u00fchrt. Zuerst wurden\u00a0 Ziele in Schleswig-Holstein und auch in Niedersachsen angefahren. Unvergessen ist 1985 eine Tagestour an die Eider bei Flemhude, bei sintflutartigem Regen, Blitz und donnerndem Gewitter, alle wirklich nass bis auf die Haut, Peter B\u00f6rger nutzte die Gunst der Stunde mit einem Bad in der Eider! Oder war er nur reingerutscht?? Beim Kaffeetrinken hat dann jeder eine Wasserpf\u00fctzen hinterlassen, aber zum Abschlussessen im D\u00f6rpshus waren alle trocken und gestylt wieder da! Nach der Wende wurde dann auch Ostdeutschland entdeckt, wie 1995 nach Gro\u00df K\u00f6ris,\u00a0 1997 Seifen im Erzgebirge und\u00a0 2003 nach Wismar mit IGA. F\u00fcr 2010 ist Bremerhaven mit Klimahaus ist in Planung!<\/p>\n<p>Stand 6. Februar 2010: \u00a0Helmuth Huth 1. Vorsitzender<\/td>\n<\/tr>\n<\/tbody>\n<\/table>\n","protected":false},"excerpt":{"rendered":"<p>R\u00fcckblick auf 40 Jahre Laienspielverein Lohe-Rickelshof. Am 20. Januar 1970 wurde der Laienspielverein gegr\u00fcndet. Als Gr\u00fcndungsmitglieder trugen sich ein: Hans Dieter Salto, Elke Salto, Wiebke Jochims, Anita Kr\u00f6ger, Helga Fischer, Ute Ulrich, Ellen Elsen, Karin Ha\u00df, Anne- Grete Ulrich, Klaus Sommer, Willi Ulrich, Johannes Prickner, Heino Ulrich, Hermann B\u00f6rger, S\u00f6nke Fischer, Robert Hentschel, Fitz Fischer &hellip;<\/p>\n","protected":false},"author":2,"featured_media":0,"parent":0,"menu_order":10,"comment_status":"closed","ping_status":"closed","template":"","meta":{"footnotes":""},"class_list":["post-73","page","type-page","status-publish","hentry"],"_links":{"self":[{"href":"https:\/\/theaterverein-lohe-rickelshof.de\/index.php?rest_route=\/wp\/v2\/pages\/73","targetHints":{"allow":["GET"]}}],"collection":[{"href":"https:\/\/theaterverein-lohe-rickelshof.de\/index.php?rest_route=\/wp\/v2\/pages"}],"about":[{"href":"https:\/\/theaterverein-lohe-rickelshof.de\/index.php?rest_route=\/wp\/v2\/types\/page"}],"author":[{"embeddable":true,"href":"https:\/\/theaterverein-lohe-rickelshof.de\/index.php?rest_route=\/wp\/v2\/users\/2"}],"replies":[{"embeddable":true,"href":"https:\/\/theaterverein-lohe-rickelshof.de\/index.php?rest_route=%2Fwp%2Fv2%2Fcomments&post=73"}],"version-history":[{"count":2,"href":"https:\/\/theaterverein-lohe-rickelshof.de\/index.php?rest_route=\/wp\/v2\/pages\/73\/revisions"}],"predecessor-version":[{"id":332,"href":"https:\/\/theaterverein-lohe-rickelshof.de\/index.php?rest_route=\/wp\/v2\/pages\/73\/revisions\/332"}],"wp:attachment":[{"href":"https:\/\/theaterverein-lohe-rickelshof.de\/index.php?rest_route=%2Fwp%2Fv2%2Fmedia&parent=73"}],"curies":[{"name":"wp","href":"https:\/\/api.w.org\/{rel}","templated":true}]}}